{"id":8561,"date":"2024-10-28T10:33:21","date_gmt":"2024-10-28T01:33:21","guid":{"rendered":"https:\/\/zenbeiyu.com\/jp\/?page_id=8561"},"modified":"2024-10-28T10:33:21","modified_gmt":"2024-10-28T01:33:21","slug":"japan-rice-pt","status":"publish","type":"page","link":"https:\/\/zenbeiyu.com\/jp\/japan-rice-pt\/","title":{"rendered":"Apresenta\u00e7\u00e3o de produtos aliment\u00edcios relacionados ao arroz\/arroz produzidos no Jap\u00e3o"},"content":{"rendered":"<div id=\"movie-main\">\n<div id=\"movie-main-copy\" class=\"tgt\">Primavera, com as cerejeiras cobertas de flores;<br \/>\n<br \/>\nVer\u00e3o transbordando de luz solar; Outono, com safras abundantes; Inverno com neve profunda.<br \/>\n<br \/>\nA &#8220;JAPAN QUALITY (Qualidade do Jap\u00e3o)&#8221;,<br \/>\n<br \/>\noriginada das quatro esta\u00e7\u00f5es distintas do Jap\u00e3o e do compromisso apaixonado pelo artesanato exclusivo do povo japon\u00eas,<br \/>\n<br \/>\ngera o &#8220;Delicioso Arroz do Jap\u00e3o&#8221;.<\/p>\n<p>A produ\u00e7\u00e3o de arroz n\u00e3o \u00e9, de modo algum, uma tarefa f\u00e1cil.<br \/>\nOs japoneses protegem e cultivam as pequenas mudas ao longo de meio ano,<br \/>\n<br \/>\ncom sua dilig\u00eancia e precis\u00e3o, produzindo assim arroz sob controles rigorosos.<br \/>\nEste \u00e9 cozido e saboreado como um delicioso arroz.<br \/>\nPermita-nos apresentar esse segredo surpreendente.<\/p>\n<\/div>\n<\/div>\n<p><!--\u30b3\u30f3\u30c6\u30f3\u30c4--><\/p>\n<div class=\"contents-mid\">\n<p><!--\u30e0\u30fc\u30d3\u30fc01--><\/p>\n<div class=\"movie-ttl-line\">&nbsp;<\/div>\n<div class=\"movie-ttl\">ARROZ  Uma rica b\u00ean\u00e7\u00e3o da natureza<\/div>\n<div class=\"movie-text\">A primavera, quando a regi\u00e3o campestre \u00e9 umedecida com a \u00e1gua pura da neve derretida, \u00e9 a \u00e9poca do &#8220;Plantio de Arroz&#8221;, quando o arroz \u00e9 cultivado em arrozais. O semblante das pequenas mudas sendo plantadas cuidadosamente em vastos campos de arroz \u00e9 uma tradi\u00e7\u00e3o sazonal do Jap\u00e3o. Durante seis meses, a partir do plantio at\u00e9 a colheita, os produtores n\u00e3o poupam tempo nem esfor\u00e7os em cultivar o arroz, protegendo-o de pragas e mudan\u00e7as clim\u00e1ticas, incluindo tuf\u00f5es. O outono \u00e9 a esta\u00e7\u00e3o da &#8220;Ceifa do Arroz&#8221;, quando as espigas de arroz se curvam carregadas de gr\u00e3os brilhando em dourado. As plantas de arroz que foram cultivadas com cuidado e esmero s\u00e3o colhidas, originando-se assim, o delicioso arroz do Jap\u00e3o.<\/div>\n<div class=\"movie-wrap\"><iframe loading=\"lazy\" width=\"560\" height=\"315\" src=\"https:\/\/www.youtube.com\/embed\/H8_slwQPEVg\" frameborder=\"0\" allow=\"accelerometer; autoplay; encrypted-media; gyroscope; picture-in-picture\" allowfullscreen><\/iframe><\/div>\n<p><!--\u30e0\u30fc\u30d3\u30fc02--><\/p>\n<div class=\"movie-ttl-line\">&nbsp;<\/div>\n<div class=\"movie-ttl\">POLIMENTO DE ARROZ  Gr\u00e3os de arroz brancos, brilhantes e deslumbrantes<\/div>\n<div class=\"movie-text\">O &#8220;Polimento de Arroz&#8221; transforma o arroz colhido em arroz branco transl\u00facido. Este \u00e9 um processo extremamente importante para determinar o sabor do arroz. Primeiramente, s\u00e3o realizadas inspe\u00e7\u00f5es rigorosas de qualidade e sele\u00e7\u00e3o de \u201cgr\u00e3os de arroz seguros com casca\u201d. Ap\u00f3s, essas cascas de arroz s\u00e3o removidas, transformando-o em \u201carroz integral\u201d. Os corpos estranhos e os gr\u00e3os de arroz com cores desfavor\u00e1veis e defeituosos s\u00e3o distinguidos aplicando um raio de luz espec\u00edfico e os mesmos s\u00e3o removidos com jateamento de ar. O arroz \u00e9 peneirado e finalizado com polimento, transformando-se, assim, em arroz branco. Os gr\u00e3os deslumbrantes e uniformes do arroz branco de alta qualidade, que exploram a tecnologia avan\u00e7ada e exclusiva do Jap\u00e3o, s\u00e3o evid\u00eancias da &#8220;JAPAN QUALITY (Qualidade do Jap\u00e3o)&#8221;.<\/div>\n<div class=\"movie-wrap\"><iframe loading=\"lazy\" width=\"560\" height=\"315\" src=\"https:\/\/www.youtube.com\/embed\/pwbHk368xcQ\" frameborder=\"0\" allow=\"accelerometer; autoplay; encrypted-media; gyroscope; picture-in-picture\" allowfullscreen><\/iframe>\n<\/div>\n<p><!--\u30e0\u30fc\u30d3\u30fc03--><\/p>\n<div class=\"movie-ttl-line\">&nbsp;<\/div>\n<div class=\"movie-ttl\">PREPARAR GOHAN  Como preparar um arroz delicioso<\/div>\n<div class=\"movie-text\">O arroz japon\u00eas trouxe fartura e sa\u00fade para a vida dos japoneses. Se est\u00e1 procurando um arroz delicioso e perfumado, use uma &#8220;panela de ferro com tampa pesada e \u00e1gua mineral macia&#8221;. Em seguida, lave o arroz para real\u00e7ar o sabor, embebendo-o em \u00e1gua at\u00e9 que fique turva, tomando o cuidado de ajustar a temperatura entre o m\u00e9dio e o baixo e, por fim, espere 10 minutos. Assim, ao levantar a tampa da panela, uma doce fragr\u00e2ncia se espalhar\u00e1 pelo ambiente juntamente com o vapor, envolvendo-os com a sensa\u00e7\u00e3o de felicidade.<\/div>\n<div class=\"movie-wrap\"><iframe loading=\"lazy\" width=\"560\" height=\"315\" src=\"https:\/\/www.youtube.com\/embed\/m84qk5NIi50\" frameborder=\"0\" allow=\"accelerometer; autoplay; encrypted-media; gyroscope; picture-in-picture\" allowfullscreen><\/iframe>\n<\/div>\n<p><!--\u30e0\u30fc\u30d3\u30fc04--><\/p>\n<div class=\"movie-ttl-line\">&nbsp;<\/div>\n<div class=\"movie-ttl\">GOHAN  A base da culin\u00e1ria japonesa em constante mudan\u00e7a<\/div>\n<div class=\"movie-text\">O arroz branco deliciosamente polido, torna-se &#8220;Gohan (Arroz)&#8221; tenro e brilhante. &#8220;Gohan&#8221; doce, suculento e perfumado, com um sabor inigual\u00e1vel. Esse sabor e textura s\u00e3o uma \u00f3tima combina\u00e7\u00e3o n\u00e3o somente para a culin\u00e1ria japonesa, mas tamb\u00e9m para uma variedade de pratos do mundo, como iguarias de estilo ocidental, pratos chineses e caril. Mesmo frio \u00e9 delicioso e \u00e9 preparado para bent\u00f4s (marmita japonesa) e onigiris (bolinho de arroz japon\u00eas). Em termos de como apreciar o arroz, o Jap\u00e3o tem uma maneira atraente de preparar e de classe mundial.<\/div>\n<div class=\"movie-wrap\"><iframe loading=\"lazy\" width=\"560\" height=\"315\" src=\"https:\/\/www.youtube.com\/embed\/t2ezmR0H7tk\" frameborder=\"0\" allow=\"accelerometer; autoplay; encrypted-media; gyroscope; picture-in-picture\" allowfullscreen><\/iframe><\/div>\n<p><!--\u30e0\u30fc\u30d3\u30fc00--><\/p>\n<div class=\"movie-ttl-line\">&nbsp;<\/div>\n<div class=\"movie-ttl\">Arroz cozido a vapor embalado<\/div>\n<div class=\"movie-text\">O arroz japon\u00eas de alta qualidade \u00e9 preparado com as \u00e1guas puras do Jap\u00e3o, tornando-o em um delicioso &#8220;Gohan&#8221;. Em seguida, os gr\u00e3os de arroz s\u00e3o embalados assepticamente em por\u00e7\u00f5es individuais e o &#8220;Arroz cozido a vapor embalado&#8221; \u00e9 conclu\u00eddo. S\u00e3o embalados em recipientes adequados para micro-ondas. Aque\u00e7a-os apenas 2 ou 3 minutos e pronto! F\u00e1cil e m\u00e1gico! O &#8220;Arroz cozido a vapor embalado&#8221; poupa tempo e trabalho, possibilitando desfrutar de um arroz delicioso a qualquer momento.<\/div>\n<div class=\"movie-wrap\"><iframe loading=\"lazy\" width=\"560\" height=\"315\" src=\"https:\/\/www.youtube.com\/embed\/VjOhUVpln10\" frameborder=\"0\" allow=\"accelerometer; autoplay; encrypted-media; gyroscope; picture-in-picture\" allowfullscreen><\/iframe><\/div>\n<p><!--\u30e0\u30fc\u30d3\u30fc05--><\/p>\n<div class=\"movie-ttl-line\">&nbsp;<\/div>\n<div class=\"movie-ttl\">SAQU\u00ca  A gota milagrosa nascida do arroz<\/div>\n<div class=\"movie-text\">O saqu\u00ea come\u00e7a com a produ\u00e7\u00e3o de arroz adequada para a fabrica\u00e7\u00e3o de saqu\u00ea. Ap\u00f3s a colheita e submetidos ao teste de seguran\u00e7a, os corpos estranhos e os gr\u00e3os de arroz com cores desfavor\u00e1veis e defeituosos s\u00e3o removidos, gerando assim, gr\u00e3os de arroz polidos. Em seguida, entra na etapa de cozinhar o arroz a vapor, produzir o arroz maltado e cultivar a levedura. Enquanto expande a prepara\u00e7\u00e3o em etapas, a fermenta\u00e7\u00e3o \u00e9 feita lentamente. Uma gota nasce em 60 a 80 dias ap\u00f3s o polimento de arroz, por meio do ac\u00famulo de &#8220;JAPAN QUALITY (Qualidade do Jap\u00e3o)&#8221;, que inclui o controle preciso de temperatura sob medida para as quatro esta\u00e7\u00f5es do ano no Jap\u00e3o, processos complexos e a experi\u00eancia do mestre de saqu\u00ea. \u00c9 um &#8220;SAQU\u00ca&#8221; exclusivo do Jap\u00e3o, produzido com muito carinho e dedica\u00e7\u00e3o.<\/div>\n<div class=\"movie-wrap\"><iframe loading=\"lazy\" width=\"560\" height=\"315\" src=\"https:\/\/www.youtube.com\/embed\/B7MjIpaj4Bc\" frameborder=\"0\" allow=\"accelerometer; autoplay; encrypted-media; gyroscope; picture-in-picture\" allowfullscreen><\/iframe><\/div>\n<p><!--\u30e0\u30fc\u30d3\u30fc06--><\/p>\n<div class=\"movie-ttl-line\">&nbsp;<\/div>\n<div class=\"movie-ttl\">BEIKA  Biscoitos de arroz<\/div>\n<div class=\"movie-text\">&#8220;Biscoitos de arroz&#8221;, s\u00e3o biscoitos feitos com arroz japon\u00eas de alta qualidade, criados pelas esta\u00e7\u00f5es japonesas e pela dilig\u00eancia do povo japon\u00eas. O arroz n\u00e3o-glutinoso cozido a vapor \u00e9 preparado de forma aromatizado e os temperos de &#8220;Senbeis (biscoito tradicional japon\u00eas feito de massa de arroz)&#8221; feitos com molho de soja, sal, a\u00e7\u00facar, algas marinhas e outros ingredientes, real\u00e7am um sabor inigual\u00e1vel dando uma textura crocante e \u00fanica. &#8220;Okakis&#8221; e &#8220;Arares&#8221; s\u00e3o feitos de arroz cozido a vapor e podem ser assados ou fritos em \u00f3leo at\u00e9 ficarem crocantes, acentuando assim, o seu umami (gosto saboroso e agrad\u00e1vel). Eles s\u00e3o preparados em tamanhos graciosos com uma rica variedade de sabores, agradando aos olhos e ao paladar de todos. Os &#8220;Biscoitos de arroz&#8221; s\u00e3o petiscos amados pelos japoneses que conhecem e apreciam o arroz.<\/div>\n<div class=\"movie-wrap\"><iframe loading=\"lazy\" width=\"560\" height=\"315\" src=\"https:\/\/www.youtube.com\/embed\/wu8bybNMvz8\" frameborder=\"0\" allow=\"accelerometer; autoplay; encrypted-media; gyroscope; picture-in-picture\" allowfullscreen><\/iframe><\/div>\n<\/div>\n","protected":false},"excerpt":{"rendered":"<p>Primavera, com as cerejeiras cobertas de flores; Ver\u00e3o transbordando de luz solar; Outono, com safras abundant [&hellip;]<\/p>\n","protected":false},"author":2,"featured_media":0,"parent":0,"menu_order":0,"comment_status":"closed","ping_status":"closed","template":"page-contents-full.php","meta":{"_acf_changed":false,"footnotes":""},"class_list":["post-8561","page","type-page","status-publish","hentry"],"acf":[],"_links":{"self":[{"href":"https:\/\/zenbeiyu.com\/jp\/wp-json\/wp\/v2\/pages\/8561","targetHints":{"allow":["GET"]}}],"collection":[{"href":"https:\/\/zenbeiyu.com\/jp\/wp-json\/wp\/v2\/pages"}],"about":[{"href":"https:\/\/zenbeiyu.com\/jp\/wp-json\/wp\/v2\/types\/page"}],"author":[{"embeddable":true,"href":"https:\/\/zenbeiyu.com\/jp\/wp-json\/wp\/v2\/users\/2"}],"replies":[{"embeddable":true,"href":"https:\/\/zenbeiyu.com\/jp\/wp-json\/wp\/v2\/comments?post=8561"}],"version-history":[{"count":1,"href":"https:\/\/zenbeiyu.com\/jp\/wp-json\/wp\/v2\/pages\/8561\/revisions"}],"predecessor-version":[{"id":8572,"href":"https:\/\/zenbeiyu.com\/jp\/wp-json\/wp\/v2\/pages\/8561\/revisions\/8572"}],"wp:attachment":[{"href":"https:\/\/zenbeiyu.com\/jp\/wp-json\/wp\/v2\/media?parent=8561"}],"curies":[{"name":"wp","href":"https:\/\/api.w.org\/{rel}","templated":true}]}}